{"id":17957,"date":"2020-12-30T10:14:49","date_gmt":"2020-12-30T10:14:49","guid":{"rendered":"https:\/\/geo.xbytes.ao\/?page_id=17957"},"modified":"2021-01-07T14:23:34","modified_gmt":"2021-01-07T14:23:34","slug":"angola","status":"publish","type":"page","link":"https:\/\/geosource.ao\/pt-pt\/angola\/","title":{"rendered":"Angola"},"content":{"rendered":"[vc_row gap=&#8221;0&#8243; element_id=&#8221;498741&#8243; grid_overlay=&#8221;black&#8221; css=&#8221;.vc_custom_1548504236530{padding-top: 0px !important;padding-bottom: 96px !important;}&#8221;][vc_column animation_delay=&#8221;0&#8243; width=&#8221;1\/2&#8243; element_id=&#8221;14106&#8243; offset=&#8221;vc_col-lg-12 vc_col-md-2 vc_col-xs-12&#8243; crp=&#8221;480:i:i,480-768:i:i,768-1024:i:i,1024-1280:i:i,1280-1366:i:i,1366-1600:i:i,1600-1920:i:i&#8221;][vc_column_text animation_delay=&#8221;0&#8243;]\n<h4 style=\"text-align: justify;\">Angola, \u00e9 um pa\u00eds situado no sudoeste da \u00c1frica, limitado a norte e leste pela Rep\u00fablica Democr\u00e1tica do Congo (antigo Zaire), a leste pela Z\u00e2mbia, a sul pela Nam\u00edbia e a oeste pelo oceano Atl\u00e2ntico. O territ\u00f3rio angolano \u00e9 dividido por uma faixa do antigo Zaire, que vai at\u00e9 ao mar, deixando um pequeno enclave de Cabinda separado, limitado a norte pela Rep\u00fablica do Congo, a este e a sul pela Rep\u00fablica Democr\u00e1tica do Congo e a oeste pelo oceano Atl\u00e2ntico. O territ\u00f3rio de Angola era anteriormente conhecido como \u00c1frica Ocidental Portuguesa, o seu nome atual \u00e9 Rep\u00fablica de Angola, tem uma \u00e1rea de 1.246.700 km2. Tendo conquistado a independ\u00eancia a 11 de Novembro de 1975, ap\u00f3s uma intensa guerra civil que vitimou muitos angolanos e culminou em 2002.<\/h4>\n[\/vc_column_text][\/vc_column][\/vc_row][vc_row][vc_column]<span class=\"et-gap et-clearfix et-gap-812303\"><\/span>[\/vc_column][\/vc_row][vc_row full_width=&#8221;stretch_row_content&#8221; gap=&#8221;0&#8243; equal_height=&#8221;yes&#8221; content_placement=&#8221;middle&#8221; element_id=&#8221;680177&#8243; css=&#8221;.vc_custom_1548673747825{background: #f5f5f5 url(https:\/\/geosource.ao\/wp-content\/uploads\/2018\/12\/map_transparent_dark.png?id=13260) !important;background-position: center !important;background-repeat: no-repeat !important;background-size: contain !important;}&#8221;][vc_column animation_delay=&#8221;0&#8243; element_id=&#8221;421364&#8243; element_css=&#8221;.vc-column-421364 .parallax-container {background-image:url(https:\/\/geosource.ao\/wp-content\/uploads\/2019\/02\/Webp.net-compress-image-19.jpg);}&#8221; parallax=&#8221;true&#8221; crp=&#8221;480:i:i,480-768:i:i,768-1024:i:i,1024-1280:i:i,1280-1366:i:i,1366-1600:i:i,1600-1920:i:i&#8221; offset=&#8221;vc_col-lg-6 vc_col-md-12 vc_col-xs-12&#8243; parallax_image=&#8221;17903&#8243;]<span class=\"et-gap et-clearfix et-gap-432750 hide768 hide1280\"><\/span><span class=\"et-gap et-clearfix et-gap-737539 hide767 hide1280\"><\/span>[\/vc_column][vc_column animation_delay=&#8221;0&#8243; element_id=&#8221;190613&#8243; css=&#8221;.vc_custom_1548062450913{padding-right: 160px !important;padding-left: 160px !important;}&#8221; crp=&#8221;480:5:5,480-768:15:15,768-1024:5:5,1024-1280:i:i,1280-1366:10:10,1366-1600:10:10,1600-1920:10:10&#8243; offset=&#8221;vc_col-lg-6 vc_col-md-12 vc_col-xs-12&#8243; el_class=&#8221;icon-box-move-left&#8221;]<span class=\"et-gap et-clearfix et-gap-219705 hide768-1024 hide1024-1280 hide1600\"><\/span><span class=\"et-gap et-clearfix et-gap-490140 hide767 hide1280-1366 hide1366-1600\"><\/span><h3 class=\"et-heading text-align-left tablet-text-align-inherit mobile-text-align-inherit animate-true words-direct\" id=\"et-heading-308226\" data-delay=\"0\" data-mobile-font=\"56px\" data-mobile-line-height=\"56px\" data-tablet-landscape-font=\"inherit\" data-tablet-portrait-font=\"inherit\" data-tablet-landscape-line-height=\"inherit\" data-tablet-portrait-line-height=\"inherit\" data-parallax=\"false\" data-move=\"false\" data-coordinatex=\"0\" data-coordinatey=\"0\" data-speed=\"10\"><span class=\"text-wrapper\"><span class=\"text\">VANTAGENS DE INVESTIR EM <span class=\"highlight underline\" style=\"background: #1e73be;\">ANGOLA<\/span><\/span><\/span><\/h3><span class=\"et-gap et-clearfix et-gap-83941\"><\/span><div id=\"et-icon-box-container-983830\" class=\"column-2 et-icon-box-container et-item-set effect-none animation-type-sequential top no-border\"><div id=\"et-icon-box-616337\" class=\"et-icon-box et-item icon-position-left icon-alignment-left hover-none\" data-parallax=\"false\" data-move=\"false\" data-coordinatex=\"0\" data-coordinatey=\"0\" data-speed=\"10\"><div class=\"et-icon-box-inner et-item-inner et-clearfix\"><div class=\"et-icon medium\"><span class=\"el-icon fas fa-angle-right\"><\/span><\/div><div class=\"et-icon-content et-clearfix\"><h4 class=\"et-icon-box-title\">Acesso ao Oceano Atl\u00e2ntico<\/h4><\/div><\/div><\/div><div id=\"et-icon-box-967517\" class=\"et-icon-box et-item icon-position-left icon-alignment-left hover-none\" data-parallax=\"false\" data-move=\"false\" data-coordinatex=\"0\" data-coordinatey=\"0\" data-speed=\"10\"><div class=\"et-icon-box-inner et-item-inner et-clearfix\"><div class=\"et-icon medium\"><span class=\"el-icon fas fa-angle-right\"><\/span><\/div><div class=\"et-icon-content et-clearfix\"><h4 class=\"et-icon-box-title\">Cont\u00e9m 12% de len\u00e7\u00f3is de \u00e1gua africanos<\/h4><\/div><\/div><\/div><div id=\"et-icon-box-809305\" class=\"et-icon-box et-item icon-position-left icon-alignment-left hover-none\" data-parallax=\"false\" data-move=\"false\" data-coordinatex=\"0\" data-coordinatey=\"0\" data-speed=\"10\"><div class=\"et-icon-box-inner et-item-inner et-clearfix\"><div class=\"et-icon medium\"><span class=\"el-icon fas fa-angle-right\"><\/span><\/div><div class=\"et-icon-content et-clearfix\"><h4 class=\"et-icon-box-title\">Rico em flora<\/h4><p class=\"et-icon-box-content\"><span class=\"et-font-size\" data-fontsize=\"18px\" data-lineheight=\"28px\">A Floresta do Maiombe em Angola, que como extens\u00e3o no Gab\u00e3o, \u00e9 uma das maiores do mundo depois da floresta amaz\u00f3nica<\/span><\/p><\/div><\/div><\/div><div id=\"et-icon-box-140984\" class=\"et-icon-box et-item icon-position-left icon-alignment-left hover-none\" data-parallax=\"false\" data-move=\"false\" data-coordinatex=\"0\" data-coordinatey=\"0\" data-speed=\"10\"><div class=\"et-icon-box-inner et-item-inner et-clearfix\"><div class=\"et-icon medium\"><span class=\"el-icon fas fa-angle-right\"><\/span><\/div><div class=\"et-icon-content et-clearfix\"><h4 class=\"et-icon-box-title\">Floresta artificial de eucalipto<\/h4><p class=\"et-icon-box-content\"><span class=\"et-font-size\" data-fontsize=\"18px\" data-lineheight=\"28px\">At\u00e9 1975 possu\u00eda a 3\u00aa maior floresta artificial de eucalipto do mundo com 74 hectares<\/p>\n<\/span><\/p><\/div><\/div><\/div><div id=\"et-icon-box-951020\" class=\"et-icon-box et-item icon-position-left icon-alignment-left hover-none\" data-parallax=\"false\" data-move=\"false\" data-coordinatex=\"0\" data-coordinatey=\"0\" data-speed=\"10\"><div class=\"et-icon-box-inner et-item-inner et-clearfix\"><div class=\"et-icon medium\"><span class=\"el-icon fas fa-angle-right\"><\/span><\/div><div class=\"et-icon-content et-clearfix\"><h4 class=\"et-icon-box-title\">Diversidade de mineral<\/h4><p class=\"et-icon-box-content\"><span class=\"et-font-size\" data-fontsize=\"18px\" data-lineheight=\"28px\">Diversidade de min\u00e9rios, diamantes, ferro, ouro, fosfatos, mangan\u00eas, cobre, chumbo, zinco, tungst\u00e9nio, tit\u00e2nio, cromo, m\u00e1rmore, granito, ur\u00e2nio e metais nobres<\/span><\/p><\/div><\/div><\/div><div id=\"et-icon-box-377382\" class=\"et-icon-box et-item icon-position-left icon-alignment-left hover-none\" data-parallax=\"false\" data-move=\"false\" data-coordinatex=\"0\" data-coordinatey=\"0\" data-speed=\"10\"><div class=\"et-icon-box-inner et-item-inner et-clearfix\"><div class=\"et-icon medium\"><span class=\"el-icon fas fa-angle-right\"><\/span><\/div><div class=\"et-icon-content et-clearfix\"><h4 class=\"et-icon-box-title\">Terra ar\u00e1vel e pastagens<\/h4><p class=\"et-icon-box-content\"><span class=\"et-font-size\" data-fontsize=\"18px\" data-lineheight=\"28px\">35 milh\u00f5es de hectares de terras ar\u00e1veis \u200b\u200be pastagens, das quais apenas 10% s\u00e3o cultivados <\/span><\/p><\/div><\/div><\/div><\/div><span class=\"et-gap et-clearfix et-gap-820324 hide767 hide1280-1366 hide1366-1600\"><\/span><span class=\"et-gap et-clearfix et-gap-632132 hide768-1024 hide1024-1280 hide1600\"><\/span>[\/vc_column][\/vc_row][vc_row full_width=&#8221;stretch_row_content&#8221; gap=&#8221;0&#8243; equal_height=&#8221;yes&#8221; content_placement=&#8221;middle&#8221; element_id=&#8221;291978&#8243; css=&#8221;.vc_custom_1548662621991{background: #212121 url(https:\/\/geosource.ao\/wp-content\/uploads\/2018\/12\/map_transparent_white.png?id=13410) !important;background-position: center !important;background-repeat: no-repeat !important;background-size: contain !important;}&#8221;][vc_column animation_delay=&#8221;0&#8243; element_id=&#8221;190613&#8243; css=&#8221;.vc_custom_1548062450913{padding-right: 160px !important;padding-left: 160px !important;}&#8221; crp=&#8221;480:5:5,480-768:15:15,768-1024:5:5,1024-1280:i:i,1280-1366:10:10,1366-1600:10:10,1600-1920:10:10&#8243; offset=&#8221;vc_col-lg-6 vc_col-md-12 vc_col-xs-12&#8243; el_class=&#8221;icon-box-move-left&#8221;]<span class=\"et-gap et-clearfix et-gap-219705 hide768-1024 hide1024-1280 hide1600\"><\/span><span class=\"et-gap et-clearfix et-gap-490140 hide767 hide1280-1366 hide1366-1600\"><\/span><h3 class=\"et-heading text-align-left tablet-text-align-inherit mobile-text-align-inherit animate-true words-direct\" id=\"et-heading-783350\" data-delay=\"0\" data-mobile-font=\"56px\" data-mobile-line-height=\"56px\" data-tablet-landscape-font=\"inherit\" data-tablet-portrait-font=\"inherit\" data-tablet-landscape-line-height=\"inherit\" data-tablet-portrait-line-height=\"inherit\" data-parallax=\"false\" data-move=\"false\" data-coordinatex=\"0\" data-coordinatey=\"0\" data-speed=\"10\"><span class=\"text-wrapper\"><span class=\"text\"><span class=\"highlight underline\" style=\"background: #1e73be;\">RECURSOS <\/span> NATURAIS<\/span><\/span><\/h3><span class=\"et-gap et-clearfix et-gap-83941\"><\/span>[vc_column_text animation_delay=&#8221;0&#8243; css_animation=&#8221;none&#8221;]\n<p style=\"text-align: justify;\"><span class=\"et-font-size\" data-fontsize=\"24px\" data-lineheight=\"32px\">Angola, \u00e9 uma pot\u00eancia de minerais em \u00c1frica, especialmente rica em diamantes, petr\u00f3leo e min\u00e9rio de ferro. Possui tamb\u00e9m dep\u00f3sitos de cobre, mangan\u00eas, fosfatos, sal, mica, chumbo, estanho, ouro, prata e platina. As minas de diamantes localizam-se perto da vila do Dundo, na prov\u00edncia da Lunda Norte. Importantes dep\u00f3sitos de petr\u00f3leo foram descobertos em 1966, em Cabinda, garantindo a auto-sufici\u00eancia do pa\u00eds. Em 1975, os dep\u00f3sitos de ur\u00e2nio estavam localizados perto da fronteira com a Nam\u00edbia.<\/span>\n[\/vc_column_text]<span class=\"et-gap et-clearfix et-gap-83941\"><\/span>[\/vc_column][vc_column animation_delay=&#8221;0&#8243; element_id=&#8221;843123&#8243; element_css=&#8221;.vc-column-843123 .parallax-container {background-image:url(https:\/\/geosource.ao\/wp-content\/uploads\/2019\/02\/Webp.net-compress-image-17.jpg);}&#8221; parallax=&#8221;true&#8221; crp=&#8221;480:i:i,480-768:i:i,768-1024:i:i,1024-1280:i:i,1280-1366:i:i,1366-1600:i:i,1600-1920:i:i&#8221; parallax_image=&#8221;17901&#8243; offset=&#8221;vc_col-lg-6 vc_col-md-12 vc_col-xs-12&#8243;]<span class=\"et-gap et-clearfix et-gap-432750 hide768 hide1280\"><\/span><span class=\"et-gap et-clearfix et-gap-737539 hide767 hide1280\"><\/span>[\/vc_column][\/vc_row][vc_section][\/vc_section][vc_section el_class=&#8221;hide1366-1600&#8243;][\/vc_section]\n","protected":false},"excerpt":{"rendered":"<p>[vc_row gap=&#8221;0&#8243; element_id=&#8221;498741&#8243; grid_overlay=&#8221;black&#8221; css=&#8221;.vc_custom_1548504236530{padding-top: 0px !important;padding-bottom: 96px !important;}&#8221;][vc_column animation_delay=&#8221;0&#8243; width=&#8221;1\/2&#8243; element_id=&#8221;14106&#8243; offset=&#8221;vc_col-lg-12 vc_col-md-2 vc_col-xs-12&#8243; crp=&#8221;480:i:i,480-768:i:i,768-1024:i:i,1024-1280:i:i,1280-1366:i:i,1366-1600:i:i,1600-1920:i:i&#8221;][vc_column_text animation_delay=&#8221;0&#8243;] Angola, \u00e9 um pa\u00eds situado no sudoeste da \u00c1frica, limitado a norte e leste pela Rep\u00fablica Democr\u00e1tica do Congo (antigo Zaire), a leste pela Z\u00e2mbia, a sul pela Nam\u00edbia e a oeste pelo oceano Atl\u00e2ntico. O territ\u00f3rio angolano [&hellip;]<\/p>\n","protected":false},"author":2,"featured_media":0,"parent":0,"menu_order":0,"comment_status":"closed","ping_status":"closed","template":"","meta":[],"_links":{"self":[{"href":"https:\/\/geosource.ao\/pt-pt\/wp-json\/wp\/v2\/pages\/17957"}],"collection":[{"href":"https:\/\/geosource.ao\/pt-pt\/wp-json\/wp\/v2\/pages"}],"about":[{"href":"https:\/\/geosource.ao\/pt-pt\/wp-json\/wp\/v2\/types\/page"}],"author":[{"embeddable":true,"href":"https:\/\/geosource.ao\/pt-pt\/wp-json\/wp\/v2\/users\/2"}],"replies":[{"embeddable":true,"href":"https:\/\/geosource.ao\/pt-pt\/wp-json\/wp\/v2\/comments?post=17957"}],"version-history":[{"count":12,"href":"https:\/\/geosource.ao\/pt-pt\/wp-json\/wp\/v2\/pages\/17957\/revisions"}],"predecessor-version":[{"id":18118,"href":"https:\/\/geosource.ao\/pt-pt\/wp-json\/wp\/v2\/pages\/17957\/revisions\/18118"}],"wp:attachment":[{"href":"https:\/\/geosource.ao\/pt-pt\/wp-json\/wp\/v2\/media?parent=17957"}],"curies":[{"name":"wp","href":"https:\/\/api.w.org\/{rel}","templated":true}]}}