{"id":17956,"date":"2020-12-30T10:15:02","date_gmt":"2020-12-30T10:15:02","guid":{"rendered":"https:\/\/geo.xbytes.ao\/?page_id=17956"},"modified":"2021-01-11T09:22:43","modified_gmt":"2021-01-11T09:22:43","slug":"projectos","status":"publish","type":"page","link":"https:\/\/geosource.ao\/pt-pt\/projectos\/","title":{"rendered":"Projectos"},"content":{"rendered":"[vc_row gap=&#8221;0&#8243; element_id=&#8221;785841&#8243;][vc_column]<h3 class=\"et-heading text-align-left tablet-text-align-inherit mobile-text-align-inherit animate-false no-animation-type\" id=\"et-heading-229769\" data-delay=\"0\" data-mobile-font=\"inherit\" data-mobile-line-height=\"inherit\" data-tablet-landscape-font=\"inherit\" data-tablet-portrait-font=\"inherit\" data-tablet-landscape-line-height=\"inherit\" data-tablet-portrait-line-height=\"inherit\" data-parallax=\"false\" data-move=\"false\" data-coordinatex=\"0\" data-coordinatey=\"0\" data-speed=\"10\"><span class=\"text-wrapper\"><span class=\"text\">PLANAGEO &#8211; Plano Nacional de Geologia<\/span><\/span><\/h3><span class=\"et-gap et-clearfix et-gap-289175\"><\/span>[vc_column_text animation_delay=&#8221;0&#8243;]\n<p style=\"text-align: justify;\">A Geosource tem livre acesso para aquisi\u00e7\u00e3o do PLANAGEO (Plano Nacional de Geologia) que j\u00e1 permitiu trazer \u00e0 superf\u00edcie a informa\u00e7\u00e3o de que Angola, pode depois do petr\u00f3leo e dos diamantes, ser tamb\u00e9m um \u201cPLAYER\u201d mundial na extra\u00e7\u00e3o de cobre e de rochas ornamentais, havendo tamb\u00e9m a possibilidade de extra\u00e7\u00e3o do famoso e raro colt\u00e3o. Outro potencial \u00e9 a extens\u00e3o para Angola da chamada \u201ccopperbelt\u201d, uma das mais importantes jazigas de cobre do mundo, onde Angola tem todas as condi\u00e7\u00f5es para ser um gigante na sua produ\u00e7\u00e3o e comercializa\u00e7\u00e3o. Angola com o PLANAGEO anunciou a enorme extens\u00e3o de v\u00e1rios min\u00e9rios, onde se destaca, como por exemplo o cobalto, min\u00e9rio \u00a0que come\u00e7a a ser raro em termos mundiais e que em Angola pode tornar-se uma refer\u00eancia universal, assim como noutros min\u00e9rios.<\/p>\n<p>A Geosource tem na sua gene a identifica\u00e7\u00e3o de \u00e1reas de concess\u00e3o para a realiza\u00e7\u00e3o de grandes projetos, direcionados para v\u00e1rios tipos de min\u00e9rios presentes no subsolo angolano, desde os diamantes, metais nobres como (rut\u00e9nio, r\u00f3dio, pal\u00e1dio, prata, \u00f3smio, ir\u00eddio, platina, ouro), ferro, cobre e outros. A empresa tem estado focada nos tr\u00eas seguintes grandes projectos:[\/vc_column_text][\/vc_column][\/vc_row][vc_row element_id=&#8221;869402&#8243; css=&#8221;.vc_custom_1608716883894{padding-top: 50px !important;}&#8221;][vc_column width=&#8221;1\/2&#8243;][vc_single_image image=&#8221;18011&#8243; img_size=&#8221;full&#8221; alignment=&#8221;center&#8221;][\/vc_column][vc_column width=&#8221;1\/2&#8243;]<h3 class=\"et-heading text-align-left tablet-text-align-inherit mobile-text-align-inherit animate-false no-animation-type\" id=\"et-heading-30618\" data-delay=\"0\" data-mobile-font=\"inherit\" data-mobile-line-height=\"inherit\" data-tablet-landscape-font=\"inherit\" data-tablet-portrait-font=\"inherit\" data-tablet-landscape-line-height=\"inherit\" data-tablet-portrait-line-height=\"inherit\" data-parallax=\"false\" data-move=\"false\" data-coordinatex=\"0\" data-coordinatey=\"0\" data-speed=\"10\"><span class=\"text-wrapper\"><span class=\"text\">CU\u00cdLO<\/span><\/span><\/h3><span class=\"et-gap et-clearfix et-gap-289175\"><\/span>[vc_column_text animation_delay=&#8221;0&#8243;]\n<p style=\"text-align: justify;\">O projecto Cuilo situa-se entre a prov\u00edncia da Lunda Norte e a Lunda Sul, no concelho de Lubalo, a cerca de 120 km a sudoeste da cidade de Saurimo, com uma extens\u00e3o de aproximadamente 1.120 quil\u00f3metros quadrados.<\/p>\n[\/vc_column_text][\/vc_column][\/vc_row][vc_row element_id=&#8221;869402&#8243; css=&#8221;.vc_custom_1608716883894{padding-top: 50px !important;}&#8221;][vc_column width=&#8221;1\/2&#8243;][vc_single_image image=&#8221;18009&#8243; img_size=&#8221;full&#8221; alignment=&#8221;center&#8221;][\/vc_column][vc_column width=&#8221;1\/2&#8243;]<h3 class=\"et-heading text-align-left tablet-text-align-inherit mobile-text-align-inherit animate-false no-animation-type\" id=\"et-heading-327830\" data-delay=\"0\" data-mobile-font=\"inherit\" data-mobile-line-height=\"inherit\" data-tablet-landscape-font=\"inherit\" data-tablet-portrait-font=\"inherit\" data-tablet-landscape-line-height=\"inherit\" data-tablet-portrait-line-height=\"inherit\" data-parallax=\"false\" data-move=\"false\" data-coordinatex=\"0\" data-coordinatey=\"0\" data-speed=\"10\"><span class=\"text-wrapper\"><span class=\"text\">CHIVUNDO<\/span><\/span><\/h3><span class=\"et-gap et-clearfix et-gap-289175\"><\/span>[vc_column_text animation_delay=&#8221;0&#8243;]\n<p style=\"text-align: justify;\">A concess\u00e3o do Chivundo encontra-se situada perto do Dundo, junto \u00e0 fronteira com a RDC (Rep\u00fablica Democr\u00e1tica do Congo). Esta concess\u00e3o embora mais pequena que o Cuilo, est\u00e1 fortemente apetrechada com Kimberlitos para explora\u00e7\u00e3o de prim\u00e1rio, sendo uma \u00e1rea completamente virgem e uma das poucas \u00e1reas em Angola, sem qualquer tipo de interven\u00e7\u00e3o humana ou de garimpo ilegal.<\/p>\n[\/vc_column_text][\/vc_column][\/vc_row][vc_row element_id=&#8221;869402&#8243; css=&#8221;.vc_custom_1608716883894{padding-top: 50px !important;}&#8221;][vc_column width=&#8221;1\/2&#8243;][vc_single_image image=&#8221;18013&#8243; img_size=&#8221;full&#8221; alignment=&#8221;center&#8221;][\/vc_column][vc_column width=&#8221;1\/2&#8243;]<h3 class=\"et-heading text-align-left tablet-text-align-inherit mobile-text-align-inherit animate-false no-animation-type\" id=\"et-heading-908756\" data-delay=\"0\" data-mobile-font=\"inherit\" data-mobile-line-height=\"inherit\" data-tablet-landscape-font=\"inherit\" data-tablet-portrait-font=\"inherit\" data-tablet-landscape-line-height=\"inherit\" data-tablet-portrait-line-height=\"inherit\" data-parallax=\"false\" data-move=\"false\" data-coordinatex=\"0\" data-coordinatey=\"0\" data-speed=\"10\"><span class=\"text-wrapper\"><span class=\"text\">OUTROS MIN\u00c9RIOS<\/span><\/span><\/h3><span class=\"et-gap et-clearfix et-gap-289175\"><\/span>[vc_column_text animation_delay=&#8221;0&#8243;]\n<p style=\"text-align: justify;\">Atrav\u00e9s do MIREMPET (Minist\u00e9rio dos Recursos Minerais e Petr\u00f3leo), a Geosource promove algumas \u00e1reas para a explora\u00e7\u00e3o de min\u00e9rios como o ferro, cobre, mangan\u00eas, metais nobres e outros, com o objectivo de identificar parcerias estrat\u00e9gicas para projectos mineiros de grande escala, com o intuito de alavancar o sector mineiro e reduzir a depend\u00eancia das explora\u00e7\u00f5es de petr\u00f3leo, e diamantes tradicionalmente enraizadas em Angola. Assim, com o seu know-how, pretende contribuir para a diversifica\u00e7\u00e3o e desenvolvimento da economia angolana.<\/p>\n[\/vc_column_text][\/vc_column][\/vc_row][vc_row element_id=&#8221;869402&#8243; css=&#8221;.vc_custom_1608716883894{padding-top: 50px !important;}&#8221;][vc_column]<h3 class=\"et-heading text-align-left tablet-text-align-inherit mobile-text-align-inherit animate-false no-animation-type\" id=\"et-heading-473470\" data-delay=\"0\" data-mobile-font=\"inherit\" data-mobile-line-height=\"inherit\" data-tablet-landscape-font=\"inherit\" data-tablet-portrait-font=\"inherit\" data-tablet-landscape-line-height=\"inherit\" data-tablet-portrait-line-height=\"inherit\" data-parallax=\"false\" data-move=\"false\" data-coordinatex=\"0\" data-coordinatey=\"0\" data-speed=\"10\"><span class=\"text-wrapper\"><span class=\"text\">OUTRAS \u00c1REAS DE EXPLORA\u00c7\u00c3O<\/span><\/span><\/h3>[vc_column_text animation_delay=&#8221;0&#8243;]\n<p style=\"text-align: justify;\">A regi\u00e3o com cobre e cobalto da Z\u00e2mbia e da Rep\u00fablica Democr\u00e1tica do Congo estende-se at\u00e9 ao territ\u00f3rio angolano, em pelo menos 116 mil quil\u00f3metros quadrados, de acordo com o levantamento geof\u00edsico feito no \u00e2mbito do Plano Nacional de Geologia (PLANAGEO). O Planageo, permitiu descobrir o complexo de rochas ornamentais do Cunene com uma \u00e1rea de 45 mil quil\u00f3metros quadrados, que abrange as prov\u00edncias da Hu\u00edla e do Cunene e que se estende para o territ\u00f3rio da Nam\u00edbia.<br \/>\nAs anomalias magn\u00e9ticas detectadas pelo Planageo evidenciam sinais favor\u00e1veis de prospe\u00e7\u00e3o de minerais met\u00e1licos e n\u00e3o-met\u00e1licos tais como ferro, diamantes, cobre, mangan\u00eas, tit\u00e2nio, zinco, chumbo, bauxite e ainda minerais radioactivos e fosfato. Entre os projectos em curso, iniciou-se a produ\u00e7\u00e3o de ouro, apesar de, ainda numa pequena escala. H\u00e1 ainda outros projectos em prospe\u00e7\u00e3o de ouro, cobre, terras raras, cobalto entre outros.<\/p>\n[\/vc_column_text][\/vc_column][\/vc_row]\n","protected":false},"excerpt":{"rendered":"<p>[vc_row gap=&#8221;0&#8243; element_id=&#8221;785841&#8243;][vc_column][vc_column_text animation_delay=&#8221;0&#8243;] A Geosource tem livre acesso para aquisi\u00e7\u00e3o do PLANAGEO (Plano Nacional de Geologia) que j\u00e1 permitiu trazer \u00e0 superf\u00edcie a informa\u00e7\u00e3o de que Angola, pode depois do petr\u00f3leo e dos diamantes, ser tamb\u00e9m um \u201cPLAYER\u201d mundial na extra\u00e7\u00e3o de cobre e de rochas ornamentais, havendo tamb\u00e9m a possibilidade de extra\u00e7\u00e3o do [&hellip;]<\/p>\n","protected":false},"author":2,"featured_media":0,"parent":0,"menu_order":0,"comment_status":"closed","ping_status":"closed","template":"","meta":[],"_links":{"self":[{"href":"https:\/\/geosource.ao\/pt-pt\/wp-json\/wp\/v2\/pages\/17956"}],"collection":[{"href":"https:\/\/geosource.ao\/pt-pt\/wp-json\/wp\/v2\/pages"}],"about":[{"href":"https:\/\/geosource.ao\/pt-pt\/wp-json\/wp\/v2\/types\/page"}],"author":[{"embeddable":true,"href":"https:\/\/geosource.ao\/pt-pt\/wp-json\/wp\/v2\/users\/2"}],"replies":[{"embeddable":true,"href":"https:\/\/geosource.ao\/pt-pt\/wp-json\/wp\/v2\/comments?post=17956"}],"version-history":[{"count":14,"href":"https:\/\/geosource.ao\/pt-pt\/wp-json\/wp\/v2\/pages\/17956\/revisions"}],"predecessor-version":[{"id":18150,"href":"https:\/\/geosource.ao\/pt-pt\/wp-json\/wp\/v2\/pages\/17956\/revisions\/18150"}],"wp:attachment":[{"href":"https:\/\/geosource.ao\/pt-pt\/wp-json\/wp\/v2\/media?parent=17956"}],"curies":[{"name":"wp","href":"https:\/\/api.w.org\/{rel}","templated":true}]}}