{"id":17955,"date":"2018-02-28T07:40:59","date_gmt":"2018-02-28T07:40:59","guid":{"rendered":"https:\/\/geo.xbytes.ao\/?page_id=17955"},"modified":"2021-01-09T14:41:52","modified_gmt":"2021-01-09T14:41:52","slug":"fale-connosco","status":"publish","type":"page","link":"https:\/\/geosource.ao\/pt-pt\/fale-connosco\/","title":{"rendered":"Fale Connosco"},"content":{"rendered":"[vc_row gap=&#8221;80&#8243; element_id=&#8221;831902&#8243;][vc_column width=&#8221;1\/4&#8243;]<h6 class=\"et-heading text-align-left tablet-text-align-inherit mobile-text-align-inherit animate-false no-animation-type\" id=\"et-heading-191581\" data-delay=\"0\" data-mobile-font=\"inherit\" data-mobile-line-height=\"inherit\" data-tablet-landscape-font=\"inherit\" data-tablet-portrait-font=\"inherit\" data-tablet-landscape-line-height=\"inherit\" data-tablet-portrait-line-height=\"inherit\" data-parallax=\"false\" data-move=\"false\" data-coordinatex=\"0\" data-coordinatey=\"0\" data-speed=\"10\"><span class=\"text-wrapper\"><span class=\"text\">Geosource<\/span><\/span><\/h6><span class=\"et-gap et-clearfix et-gap-250942\"><\/span><h6 class=\"et-heading text-align-left tablet-text-align-inherit mobile-text-align-inherit animate-false no-animation-type\" id=\"et-heading-22475\" data-delay=\"0\" data-mobile-font=\"inherit\" data-mobile-line-height=\"inherit\" data-tablet-landscape-font=\"inherit\" data-tablet-portrait-font=\"inherit\" data-tablet-landscape-line-height=\"inherit\" data-tablet-portrait-line-height=\"inherit\" data-parallax=\"false\" data-move=\"false\" data-coordinatex=\"0\" data-coordinatey=\"0\" data-speed=\"10\"><span class=\"text-wrapper\"><span class=\"text\">Empresa de Explora\u00e7\u00e3o e Comercializa\u00e7\u00e3o de Minerais.<\/span><\/span><\/h6><span class=\"et-gap et-clearfix et-gap-809605\"><\/span><div class=\"et-separator et-clearfix animate-false dashed left horizontal et-separator-887310\" data-delay=\"\"><div class=\"line\"><\/div><\/div><h6 class=\"et-heading text-align-left tablet-text-align-inherit mobile-text-align-inherit animate-false no-animation-type\" id=\"et-heading-719937\" data-delay=\"0\" data-mobile-font=\"inherit\" data-mobile-line-height=\"inherit\" data-tablet-landscape-font=\"inherit\" data-tablet-portrait-font=\"inherit\" data-tablet-landscape-line-height=\"inherit\" data-tablet-portrait-line-height=\"inherit\" data-parallax=\"false\" data-move=\"false\" data-coordinatex=\"0\" data-coordinatey=\"0\" data-speed=\"10\"><span class=\"text-wrapper\"><span class=\"text\">Social links<\/span><\/span><\/h6><span class=\"et-gap et-clearfix et-gap-809605\"><\/span><div id=\"et-social-links-39430\" class=\"et-social-links styling-original-true shadow-true\"><a class=\"ien-linkedin\" href=\"#link\" target=\"_self\"><\/a><a class=\"ien-facebook\" href=\"#link\" target=\"_self\"><\/a><a class=\"ien-instagram\" href=\"#link\" target=\"_self\"><\/a><a class=\"ien-twitter\" href=\"#link\" target=\"_self\"><\/a><\/div><span class=\"et-gap et-clearfix et-gap-809605\"><\/span>[\/vc_column][vc_column width=&#8221;1\/4&#8243;]<h6 class=\"et-heading text-align-left tablet-text-align-inherit mobile-text-align-inherit animate-false no-animation-type\" id=\"et-heading-666527\" data-delay=\"0\" data-mobile-font=\"inherit\" data-mobile-line-height=\"inherit\" data-tablet-landscape-font=\"inherit\" data-tablet-portrait-font=\"inherit\" data-tablet-landscape-line-height=\"inherit\" data-tablet-portrait-line-height=\"inherit\" data-parallax=\"false\" data-move=\"false\" data-coordinatex=\"0\" data-coordinatey=\"0\" data-speed=\"10\"><span class=\"text-wrapper\"><span class=\"text\">Fale Connosco<\/span><\/span><\/h6><span class=\"et-gap et-clearfix et-gap-756832\"><\/span><span class=\"et-gap et-clearfix et-gap-756832\"><\/span><span class=\"et-gap et-clearfix et-gap-756832\"><\/span><p class=\"et-heading text-align-left tablet-text-align-inherit mobile-text-align-inherit animate-false no-animation-type\" id=\"et-heading-496476\" data-delay=\"0\" data-mobile-font=\"inherit\" data-mobile-line-height=\"inherit\" data-tablet-landscape-font=\"inherit\" data-tablet-portrait-font=\"inherit\" data-tablet-landscape-line-height=\"inherit\" data-tablet-portrait-line-height=\"inherit\" data-parallax=\"false\" data-move=\"false\" data-coordinatex=\"0\" data-coordinatey=\"0\" data-speed=\"10\"><span class=\"text-wrapper\"><span class=\"text\"><i class=\"fa fa-map-pin\"><\/i> Rua Marechal Br\u00f3s Tito, n\u00ba 35\/37, Edificio ESCOM, 14\u00ba andar B, Luanda &#8211; Angola<\/span><\/span><\/p><span class=\"et-gap et-clearfix et-gap-630497\"><\/span><span class=\"et-gap et-clearfix et-gap-630497\"><\/span><p class=\"et-heading text-align-left tablet-text-align-inherit mobile-text-align-inherit animate-false no-animation-type\" id=\"et-heading-343373\" data-delay=\"0\" data-mobile-font=\"inherit\" data-mobile-line-height=\"inherit\" data-tablet-landscape-font=\"inherit\" data-tablet-portrait-font=\"inherit\" data-tablet-landscape-line-height=\"inherit\" data-tablet-portrait-line-height=\"inherit\" data-parallax=\"false\" data-move=\"false\" data-coordinatex=\"0\" data-coordinatey=\"0\" data-speed=\"10\"><a href=\"tel:+244932897931\" target=\"_self\"><span class=\"text-wrapper\"><span class=\"text\"><i class=\"fa fa-phone\"><\/i> (+244) 932897931 <\/span><\/span><\/a><\/p><p class=\"et-heading text-align-left tablet-text-align-inherit mobile-text-align-inherit animate-false no-animation-type\" id=\"et-heading-116108\" data-delay=\"0\" data-mobile-font=\"inherit\" data-mobile-line-height=\"inherit\" data-tablet-landscape-font=\"inherit\" data-tablet-portrait-font=\"inherit\" data-tablet-landscape-line-height=\"inherit\" data-tablet-portrait-line-height=\"inherit\" data-parallax=\"false\" data-move=\"false\" data-coordinatex=\"0\" data-coordinatey=\"0\" data-speed=\"10\"><a href=\"tel:+244928304449\" target=\"_self\"><span class=\"text-wrapper\"><span class=\"text\"><i class=\"fa fa-phone\"><\/i> (+244) 928304449<\/span><\/span><\/a><\/p><span class=\"et-gap et-clearfix et-gap-630497\"><\/span><span class=\"et-gap et-clearfix et-gap-630497\"><\/span><p class=\"et-heading text-align-left tablet-text-align-inherit mobile-text-align-inherit animate-false no-animation-type\" id=\"et-heading-281271\" data-delay=\"0\" data-mobile-font=\"inherit\" data-mobile-line-height=\"inherit\" data-tablet-landscape-font=\"inherit\" data-tablet-portrait-font=\"inherit\" data-tablet-landscape-line-height=\"inherit\" data-tablet-portrait-line-height=\"inherit\" data-parallax=\"false\" data-move=\"false\" data-coordinatex=\"0\" data-coordinatey=\"0\" data-speed=\"10\"><a href=\"mailto:geral@geosource.ao\" target=\"_self\"><span class=\"text-wrapper\"><span class=\"text\"><i class=\"fa fa-envelope\"><\/i> geral@geosource.ao<\/span><\/span><\/a><\/p><span class=\"et-gap et-clearfix et-gap-809605\"><\/span>[\/vc_column][vc_column width=&#8221;1\/2&#8243;]<div role=\"form\" class=\"wpcf7\" id=\"wpcf7-f18099-o1\" lang=\"en-US\" dir=\"ltr\">\n<div class=\"screen-reader-response\"><p role=\"status\" aria-live=\"polite\" aria-atomic=\"true\"><\/p> <ul><\/ul><\/div>\n<form action=\"\/pt-pt\/wp-json\/wp\/v2\/pages\/17955#wpcf7-f18099-o1\" method=\"post\" class=\"wpcf7-form init\" novalidate=\"novalidate\" data-status=\"init\">\n<div style=\"display: none;\">\n<input type=\"hidden\" name=\"_wpcf7\" value=\"18099\" \/>\n<input type=\"hidden\" name=\"_wpcf7_version\" value=\"5.3\" \/>\n<input type=\"hidden\" name=\"_wpcf7_locale\" value=\"en_US\" \/>\n<input type=\"hidden\" name=\"_wpcf7_unit_tag\" value=\"wpcf7-f18099-o1\" \/>\n<input type=\"hidden\" name=\"_wpcf7_container_post\" value=\"0\" \/>\n<input type=\"hidden\" name=\"_wpcf7_posted_data_hash\" value=\"\" \/>\n<\/div>\n<p><span class=\"wpcf7-form-control-wrap your-name\"><input type=\"text\" name=\"your-name\" value=\"\" size=\"40\" class=\"wpcf7-form-control wpcf7-text wpcf7-validates-as-required\" aria-required=\"true\" aria-invalid=\"false\" placeholder=\"Seu Nome\" \/><\/span><span class=\"wpcf7-form-control-wrap your-email\"><input type=\"email\" name=\"your-email\" value=\"\" size=\"40\" class=\"wpcf7-form-control wpcf7-text wpcf7-email wpcf7-validates-as-required wpcf7-validates-as-email\" aria-required=\"true\" aria-invalid=\"false\" placeholder=\"Seu Email\" \/><\/span><span class=\"wpcf7-form-control-wrap your-subject\"><input type=\"text\" name=\"your-subject\" value=\"\" size=\"40\" class=\"wpcf7-form-control wpcf7-text\" aria-invalid=\"false\" placeholder=\"Assunto\" \/><\/span><span class=\"wpcf7-form-control-wrap your-message\"><textarea name=\"your-message\" cols=\"40\" rows=\"10\" class=\"wpcf7-form-control wpcf7-textarea\" aria-invalid=\"false\"><\/textarea><\/span><input type=\"submit\" value=\"Enviar Mensagem\" class=\"wpcf7-form-control wpcf7-submit\" \/><\/p>\n<div class=\"wpcf7-response-output\" aria-hidden=\"true\"><\/div><\/form><\/div>[\/vc_column][\/vc_row][vc_row gap=&#8221;56&#8243; element_id=&#8221;43087&#8243; css=&#8221;.vc_custom_1548944801062{padding-bottom: 96px !important;}&#8221;][vc_column width=&#8221;2\/3&#8243;][\/vc_column][vc_column width=&#8221;1\/3&#8243;][\/vc_column][\/vc_row][vc_row][vc_column][vc_gmaps link=&#8221;#E-8_JTNDaWZyYW1lJTIwc3JjJTNEJTIyaHR0cHMlM0ElMkYlMkZ3d3cuZ29vZ2xlLmNvbSUyRm1hcHMlMkZlbWJlZCUzRnBiJTNEJTIxMW0xOCUyMTFtMTIlMjExbTMlMjExZDM5NDIuNzA0MTg4OTM0MjkwNCUyMTJkMTMuMjM4OTg0NjE0MjAwMjQxJTIxM2QtOC44MTM4MzU4OTI1OTA2MjElMjEybTMlMjExZjAlMjEyZjAlMjEzZjAlMjEzbTIlMjExaTEwMjQlMjEyaTc2OCUyMTRmMTMuMSUyMTNtMyUyMTFtMiUyMTFzMHgxYTUxZjMyMzYxNzBkMGJmJTI1M0EweGE2MzE0YjUxNmQyYjEyZTIlMjEyc2dlb3NvdXJjZS5hbyUyMTVlMCUyMTNtMiUyMTFzcHQtUFQlMjEyc2FvJTIxNHYxNjA5MzI1NzI4MzU4JTIxNW0yJTIxMXNwdC1QVCUyMTJzYW8lMjIlMjB3aWR0aCUzRCUyMjgwMCUyMiUyMGhlaWdodCUzRCUyMjYwMCUyMiUyMGZyYW1lYm9yZGVyJTNEJTIyMCUyMiUyMHN0eWxlJTNEJTIyYm9yZGVyJTNBMCUzQiUyMiUyMGFsbG93ZnVsbHNjcmVlbiUzRCUyMiUyMiUyMGFyaWEtaGlkZGVuJTNEJTIyZmFsc2UlMjIlMjB0YWJpbmRleCUzRCUyMjAlMjIlM0UlM0MlMkZpZnJhbWUlM0U=&#8221; size=&#8221;640px&#8221;]<span class=\"et-gap et-clearfix et-gap-78450\"><\/span>[\/vc_column][\/vc_row]\n","protected":false},"excerpt":{"rendered":"<p>[vc_row gap=&#8221;80&#8243; element_id=&#8221;831902&#8243;][vc_column width=&#8221;1\/4&#8243;][\/vc_column][vc_column width=&#8221;1\/4&#8243;][\/vc_column][vc_column width=&#8221;1\/2&#8243;][\/vc_column][\/vc_row][vc_row gap=&#8221;56&#8243; element_id=&#8221;43087&#8243; css=&#8221;.vc_custom_1548944801062{padding-bottom: 96px !important;}&#8221;][vc_column width=&#8221;2\/3&#8243;][\/vc_column][vc_column width=&#8221;1\/3&#8243;][\/vc_column][\/vc_row][vc_row][vc_column][vc_gmaps link=&#8221;#E-8_JTNDaWZyYW1lJTIwc3JjJTNEJTIyaHR0cHMlM0ElMkYlMkZ3d3cuZ29vZ2xlLmNvbSUyRm1hcHMlMkZlbWJlZCUzRnBiJTNEJTIxMW0xOCUyMTFtMTIlMjExbTMlMjExZDM5NDIuNzA0MTg4OTM0MjkwNCUyMTJkMTMuMjM4OTg0NjE0MjAwMjQxJTIxM2QtOC44MTM4MzU4OTI1OTA2MjElMjEybTMlMjExZjAlMjEyZjAlMjEzZjAlMjEzbTIlMjExaTEwMjQlMjEyaTc2OCUyMTRmMTMuMSUyMTNtMyUyMTFtMiUyMTFzMHgxYTUxZjMyMzYxNzBkMGJmJTI1M0EweGE2MzE0YjUxNmQyYjEyZTIlMjEyc2dlb3NvdXJjZS5hbyUyMTVlMCUyMTNtMiUyMTFzcHQtUFQlMjEyc2FvJTIxNHYxNjA5MzI1NzI4MzU4JTIxNW0yJTIxMXNwdC1QVCUyMTJzYW8lMjIlMjB3aWR0aCUzRCUyMjgwMCUyMiUyMGhlaWdodCUzRCUyMjYwMCUyMiUyMGZyYW1lYm9yZGVyJTNEJTIyMCUyMiUyMHN0eWxlJTNEJTIyYm9yZGVyJTNBMCUzQiUyMiUyMGFsbG93ZnVsbHNjcmVlbiUzRCUyMiUyMiUyMGFyaWEtaGlkZGVuJTNEJTIyZmFsc2UlMjIlMjB0YWJpbmRleCUzRCUyMjAlMjIlM0UlM0MlMkZpZnJhbWUlM0U=&#8221; size=&#8221;640px&#8221;][\/vc_column][\/vc_row]<\/p>\n","protected":false},"author":1,"featured_media":0,"parent":0,"menu_order":0,"comment_status":"closed","ping_status":"closed","template":"page-vc.php","meta":[],"_links":{"self":[{"href":"https:\/\/geosource.ao\/pt-pt\/wp-json\/wp\/v2\/pages\/17955"}],"collection":[{"href":"https:\/\/geosource.ao\/pt-pt\/wp-json\/wp\/v2\/pages"}],"about":[{"href":"https:\/\/geosource.ao\/pt-pt\/wp-json\/wp\/v2\/types\/page"}],"author":[{"embeddable":true,"href":"https:\/\/geosource.ao\/pt-pt\/wp-json\/wp\/v2\/users\/1"}],"replies":[{"embeddable":true,"href":"https:\/\/geosource.ao\/pt-pt\/wp-json\/wp\/v2\/comments?post=17955"}],"version-history":[{"count":22,"href":"https:\/\/geosource.ao\/pt-pt\/wp-json\/wp\/v2\/pages\/17955\/revisions"}],"predecessor-version":[{"id":18145,"href":"https:\/\/geosource.ao\/pt-pt\/wp-json\/wp\/v2\/pages\/17955\/revisions\/18145"}],"wp:attachment":[{"href":"https:\/\/geosource.ao\/pt-pt\/wp-json\/wp\/v2\/media?parent=17955"}],"curies":[{"name":"wp","href":"https:\/\/api.w.org\/{rel}","templated":true}]}}