{"id":17954,"date":"2020-12-30T10:14:52","date_gmt":"2020-12-30T10:14:52","guid":{"rendered":"https:\/\/geo.xbytes.ao\/?page_id=17954"},"modified":"2021-01-08T14:47:30","modified_gmt":"2021-01-08T14:47:30","slug":"sobre-nos","status":"publish","type":"page","link":"https:\/\/geosource.ao\/pt-pt\/sobre-nos\/","title":{"rendered":"Sobre N\u00f3s"},"content":{"rendered":"[vc_row gap=&#8221;40&#8243; equal_height=&#8221;yes&#8221; content_placement=&#8221;middle&#8221; element_id=&#8221;31913&#8243; element_css=&#8221;.vc-row-331899 .animated-container {background-image:url(https:\/\/geosource.ao\/wp-content\/uploads\/2018\/12\/map_transparent_dark.png);}.vc-row-331899 .top-gradient {background:linear-gradient(to bottom, #1e73be 0%,rgba(255,255,255,0) 100%);}.vc-row-331899 .bottom-gradient {background:linear-gradient(to top, #1e73be 0%,rgba(255,255,255,0) 100%);}&#8221; css=&#8221;.vc_custom_1607687511598{padding-top: 56px !important;padding-bottom: 1px !important;}&#8221; el_id=&#8221;one-page-about-us&#8221;][vc_column animation_delay=&#8221;0&#8243; css_animation=&#8221;bottom-to-top&#8221; element_id=&#8221;843083&#8243; crp=&#8221;480:i:i,480-768:i:i,768-1024:i:i,1024-1280:15:15,1280-1366:i:i,1366-1600:i:i,1600-1920:i:i&#8221; offset=&#8221;vc_col-lg-6 vc_col-md-12 vc_col-xs-12&#8243;]<span class=\"et-gap et-clearfix et-gap-278424\"><\/span><div id=\"et-image-950820\" class=\"et-image alignnone curtain-left\" data-curtain=\"false\" data-animation-delay=\"0\" data-parallax=\"false\" data-move=\"false\" data-coordinatex=\"0\" data-coordinatey=\"0\" data-speed=\"10\"><img width=\"t\" height=\"t\" src=\"https:\/\/geosource.ao\/wp-content\/uploads\/2019\/02\/Geosorce-angola-640x400.jpg\" alt=\"GEO SOURCE\"><\/div>[\/vc_column][vc_column animation_delay=&#8221;150&#8243; css_animation=&#8221;top-to-bottom&#8221; element_id=&#8221;504275&#8243; crp=&#8221;480:i:i,480-768:i:i,768-1024:i:i,1024-1280:15:15,1280-1366:i:i,1366-1600:i:i,1600-1920:i:i&#8221; offset=&#8221;vc_col-lg-6 vc_col-md-12 vc_col-xs-12&#8243;]<h3 class=\"et-heading text-align-left tablet-text-align-inherit mobile-text-align-inherit animate-false no-animation-type\" id=\"et-heading-739866\" data-delay=\"0\" data-mobile-font=\"56px\" data-mobile-line-height=\"inherit\" data-tablet-landscape-font=\"inherit\" data-tablet-portrait-font=\"inherit\" data-tablet-landscape-line-height=\"inherit\" data-tablet-portrait-line-height=\"inherit\" data-parallax=\"false\" data-move=\"false\" data-coordinatex=\"0\" data-coordinatey=\"0\" data-speed=\"10\"><span class=\"text-wrapper\"><span class=\"text\">Quem Somos?<\/span><\/span><\/h3><p class=\"et-heading text-align-left tablet-text-align-inherit mobile-text-align-inherit animate-false no-animation-type\" id=\"et-heading-350467\" data-delay=\"0\" data-mobile-font=\"inherit\" data-mobile-line-height=\"inherit\" data-tablet-landscape-font=\"inherit\" data-tablet-portrait-font=\"inherit\" data-tablet-landscape-line-height=\"inherit\" data-tablet-portrait-line-height=\"inherit\" data-parallax=\"false\" data-move=\"false\" data-coordinatex=\"0\" data-coordinatey=\"0\" data-speed=\"10\"><span class=\"text-wrapper\"><span class=\"text\">A Geosource \u00e9 uma empresa angolana de minera\u00e7\u00e3o criada em 2018 e sediada em Luanda.<\/span><\/span><\/p><span class=\"et-gap et-clearfix et-gap-763853\"><\/span>[vc_column_text animation_delay=&#8221;0&#8243;]\n<p style=\"text-align: justify;\"><span class=\"et-font-size\" data-fontsize=\"20px\" data-lineheight=\"32px\"> Estamos estrategicamente localizados num edif\u00edcio \u00fanico no cora\u00e7\u00e3o da cidade capital, sendo o nosso principal objetivo a extra\u00e7\u00e3o de subst\u00e2ncias minerais a partir de dep\u00f3sitos ou massas minerais. A Geosource disp\u00f5e de uma equipa de profissionais altamente especializados, capazes de garantir n\u00edveis de produtividade e de excel\u00eancia \u00edmpares, visando sempre altos padr\u00f5es de efic\u00e1cia. <\/span>\n[\/vc_column_text][\/vc_column][\/vc_row][vc_row gap=&#8221;40&#8243; equal_height=&#8221;yes&#8221; content_placement=&#8221;middle&#8221; element_id=&#8221;263998&#8243; element_css=&#8221;.vc-row-331899 .animated-container {background-image:url(https:\/\/geosource.ao\/wp-content\/uploads\/2018\/12\/map_transparent_dark.png);}.vc-row-331899 .top-gradient {background:linear-gradient(to bottom, #1e73be 0%,rgba(255,255,255,0) 100%);}.vc-row-331899 .bottom-gradient {background:linear-gradient(to top, #1e73be 0%,rgba(255,255,255,0) 100%);}&#8221; css=&#8221;.vc_custom_1607687629455{padding-top: 10px !important;padding-bottom: 96px !important;}&#8221;][vc_column animation_delay=&#8221;0&#8243; css_animation=&#8221;bottom-to-top&#8221; element_id=&#8221;698712&#8243; crp=&#8221;480:i:i,480-768:i:i,768-1024:i:i,1024-1280:15:15,1280-1366:i:i,1366-1600:i:i,1600-1920:i:i&#8221; offset=&#8221;vc_col-lg-12 vc_col-md-12 vc_col-xs-12&#8243;][vc_column_text animation_delay=&#8221;0&#8243;]\n<p style=\"text-align: justify;\"><span class=\"et-font-size\" data-fontsize=\"20px\" data-lineheight=\"32px\">Por outro lado, a Geosource det\u00e9m uma das concess\u00f5es de diamantes mais privilegiada de Angola, localizada entre a Lunda Norte e a Lunda sul, o <strong>Cuilo<\/strong>. No entanto, a Geosource tem j\u00e1 negociado o Projeto Chivundo, que est\u00e1 localizado numa \u00e1rea virgem, perto da fronteira com a Rep\u00fablica Democr\u00e1tica do Congo, n\u00e3o explorada e com uma forte evid\u00eancia de potencial prim\u00e1rio, que est\u00e1 a ser preparado pela Endiama para a explora\u00e7\u00e3o de kimberlitos. Por outro lado, atrav\u00e9s do Minist\u00e9rio dos Recursos Minerais, Petr\u00f3leos e G\u00e1s, a Geosource tem a capacidade para a identifica\u00e7\u00e3o de potenciais concess\u00f5es de explora\u00e7\u00e3o de diversos metais tais como: cobre, ferro, ouro, platina, mangan\u00eas e l\u00edtio. <\/span>\n[\/vc_column_text][\/vc_column][\/vc_row][vc_row element_id=&#8221;208526&#8243; grid_overlay=&#8221;black&#8221; css=&#8221;.vc_custom_1609942351932{padding-top: 30px !important;}&#8221;][vc_column animation_delay=&#8221;0&#8243; css_animation=&#8221;right-to-left&#8221; element_id=&#8221;944031&#8243; crp=&#8221;480:i:i,480-768:i:i,768-1024:i:i,1024-1280:i:i,1280-1366:i:i,1366-1600:i:i,1600-1920:i:i&#8221;]<div class=\"et-highlight-heading text-align-left tablet-text-align-inherit mobile-text-align-inherit\" id=\"et-highlight-heading-695767\" data-mobile-font=\"inherit\" data-mobile-line-height=\"inherit\" data-tablet-landscape-font=\"inherit\" data-tablet-portrait-font=\"inherit\" data-tablet-landscape-line-height=\"inherit\" data-tablet-portrait-line-height=\"inherit\" data-parallax=\"false\" data-move=\"false\" data-coordinatex=\"0\" data-coordinatey=\"0\" data-speed=\"10\"><span class=\"text-wrapper\"><span class=\"text\">GEOSOURCE<\/span><\/span><\/div><h3 class=\"et-heading text-align-left tablet-text-align-inherit mobile-text-align-inherit animate-false no-animation-type\" id=\"et-heading-580023\" data-delay=\"0\" data-mobile-font=\"32px\" data-mobile-line-height=\"inherit\" data-tablet-landscape-font=\"inherit\" data-tablet-portrait-font=\"inherit\" data-tablet-landscape-line-height=\"inherit\" data-tablet-portrait-line-height=\"inherit\" data-parallax=\"false\" data-move=\"false\" data-coordinatex=\"0\" data-coordinatey=\"0\" data-speed=\"10\"><span class=\"text-wrapper\"><span class=\"text\">O nosso DNA<\/span><\/span><\/h3>[\/vc_column][\/vc_row][vc_row element_id=&#8221;667817&#8243; element_css=&#8221;.vc-row-667817 .parallax-container {background-image:url(https:\/\/geosource.ao\/wp-content\/uploads\/2019\/01\/industrial6-2.jpg);}&#8221; grid_overlay=&#8221;white&#8221; parallax=&#8221;true&#8221; css=&#8221;.vc_custom_1607689175358{padding-top: 120px !important;padding-bottom: 120px !important;background: #1e73be url(https:\/\/geosource.ao\/wp-content\/uploads\/2018\/12\/back2-3.png?id=13530);}&#8221; el_class=&#8221;background-position-right-bottom&#8221; parallax_image=&#8221;14032&#8243;][vc_column animation_delay=&#8221;0&#8243; width=&#8221;1\/2&#8243; element_id=&#8221;284527&#8243; crp=&#8221;480:i:i,480-768:i:i,768-1024:10:10,1024-1280:20:20,1280-1366:i:i,1366-1600:i:i,1600-1920:i:i&#8221; offset=&#8221;vc_col-lg-6 vc_col-md-12 vc_col-xs-12&#8243;]<ul id=\"et-icon-list-884391\" class=\"et-icon-list medium full\"><li><div class=\"icon-wrap\"><div class=\"icon medium\"><span class=\"medium fa fa-angle-right\"><\/span><\/div><\/div><div><span style=\"font-weight: bold; font-size: 24px; color: #ffffff;\">Garantir a sa\u00fade, seguran\u00e7a e ambiente<\/span><\/p><\/div><\/li><li><div class=\"icon-wrap\"><div class=\"icon medium\"><span class=\"medium fa fa-angle-right\"><\/span><\/div><\/div><div><p><span style=\"font-weight: bold; font-size: 24px; color: #ffffff;\">Respeito pelos outros<\/span><\/div><\/li><li><div class=\"icon-wrap\"><div class=\"icon medium\"><span class=\"medium fa fa-angle-right\"><\/span><\/div><\/div><div><span style=\"font-weight: bold; font-size: 24px; color: #ffffff;\">\u00c9tica profissional<\/span><\/div><\/li><li><div class=\"icon-wrap\"><div class=\"icon medium\"><span class=\"medium fa fa-angle-right\"><\/span><\/div><\/div><div><span style=\"font-weight: bold; font-size: 24px; color: #ffffff;\">Responsabilidade<\/span><\/div><\/li><li><div class=\"icon-wrap\"><div class=\"icon medium\"><span class=\"medium fa fa-angle-right\"><\/span><\/div><\/div><div><span style=\"font-weight: bold; font-size: 24px; color: #ffffff;\">Alcan\u00e7ar resultados positivos<\/span><\/div><\/li><\/ul>[\/vc_column][vc_column animation_delay=&#8221;0&#8243; width=&#8221;1\/2&#8243; element_id=&#8221;856005&#8243; offset=&#8221;vc_col-lg-6 vc_col-md-12 vc_col-xs-12&#8243; crp=&#8221;480:i:i,480-768:i:i,768-1024:10:10,1024-1280:20:20,1280-1366:i:i,1366-1600:i:i,1600-1920:i:i&#8221;]<ul id=\"et-icon-list-404434\" class=\"et-icon-list medium full\"><li><div class=\"icon-wrap\"><div class=\"icon medium\"><span class=\"medium fa fa-angle-right\"><\/span><\/div><\/div><div><span style=\"font-weight: bold; font-size: 24px; color: #ffffff;\">Relacionamento multicultural<\/span><\/p><\/div><\/li><li><div class=\"icon-wrap\"><div class=\"icon medium\"><span class=\"medium fa fa-angle-right\"><\/span><\/div><\/div><div><p><span style=\"font-weight: bold; font-size: 24px; color: #ffffff;\">Crescimento<\/span><\/div><\/li><li><div class=\"icon-wrap\"><div class=\"icon medium\"><span class=\"medium fa fa-angle-right\"><\/span><\/div><\/div><div><span style=\"font-weight: bold; font-size: 24px; color: #ffffff;\">Diversifica\u00e7\u00e3o<\/span><\/div><\/li><li><div class=\"icon-wrap\"><div class=\"icon medium\"><span class=\"medium fa fa-angle-right\"><\/span><\/div><\/div><div><span style=\"font-weight: bold; font-size: 24px; color: #ffffff;\">A\u00e7\u00e3o Social<\/span><\/div><\/li><li><div class=\"icon-wrap\"><div class=\"icon medium\"><span class=\"medium fa fa-angle-right\"><\/span><\/div><\/div><div><span style=\"font-weight: bold; font-size: 24px; color: #ffffff;\">Internacionaliza\u00e7\u00e3o<\/span><\/div><\/li><\/ul>[\/vc_column][\/vc_row][vc_row element_id=&#8221;650745&#8243; grid_overlay=&#8221;black&#8221; css=&#8221;.vc_custom_1548936586959{padding-top: 96px !important;}&#8221;][vc_column animation_delay=&#8221;0&#8243; css_animation=&#8221;right-to-left&#8221; element_id=&#8221;944031&#8243; crp=&#8221;480:i:i,480-768:i:i,768-1024:i:i,1024-1280:i:i,1280-1366:i:i,1366-1600:i:i,1600-1920:i:i&#8221;]<p class=\"et-highlight-heading text-align-left tablet-text-align-inherit mobile-text-align-inherit\" id=\"et-highlight-heading-814622\" data-mobile-font=\"inherit\" data-mobile-line-height=\"inherit\" data-tablet-landscape-font=\"inherit\" data-tablet-portrait-font=\"inherit\" data-tablet-landscape-line-height=\"inherit\" data-tablet-portrait-line-height=\"inherit\" data-parallax=\"false\" data-move=\"false\" data-coordinatex=\"0\" data-coordinatey=\"0\" data-speed=\"10\"><span class=\"text-wrapper\"><span class=\"text\">GEOSOURCE<\/span><\/span><\/p><h3 class=\"et-heading text-align-left tablet-text-align-inherit mobile-text-align-inherit animate-false no-animation-type\" id=\"et-heading-546587\" data-delay=\"0\" data-mobile-font=\"56px\" data-mobile-line-height=\"inherit\" data-tablet-landscape-font=\"inherit\" data-tablet-portrait-font=\"inherit\" data-tablet-landscape-line-height=\"inherit\" data-tablet-portrait-line-height=\"inherit\" data-parallax=\"false\" data-move=\"false\" data-coordinatex=\"0\" data-coordinatey=\"0\" data-speed=\"10\"><span class=\"text-wrapper\"><span class=\"text\">Sa\u00fade e Seguran\u00e7a<\/span><\/span><\/h3>[\/vc_column][\/vc_row][vc_row gap=&#8221;40&#8243; element_id=&#8221;858585&#8243; element_css=&#8221;.vc-row-743126 .top-gradient {background:linear-gradient(to bottom, #ffffff 0%,rgba(255,255,255,0) 100%);}.vc-row-743126 .bottom-gradient {background:linear-gradient(to top, #ffffff 0%,rgba(255,255,255,0) 100%);}&#8221; grid_overlay=&#8221;black&#8221; css=&#8221;.vc_custom_1548933594024{padding-top: 0px !important;padding-bottom: 96px !important;background-image: url(https:\/\/geosource.ao\/wp-content\/uploads\/2019\/01\/industrial7-1.jpg?id=14049) !important;background-position: center !important;background-repeat: no-repeat !important;background-size: cover !important;}&#8221; gradient_color=&#8221;#ffffff&#8221;][vc_column animation_delay=&#8221;0&#8243; shadow=&#8221;true&#8221; css_animation=&#8221;bottom-to-top&#8221; element_id=&#8221;569795&#8243; offset=&#8221;vc_col-lg-12 vc_col-md-12 vc_col-xs-12&#8243; crp=&#8221;480:10:10,480-768:i:i,768-1024:i:i,1024-1280:i:i,1280-1366:i:i,1366-1600:i:i,1600-1920:i:i&#8221; css=&#8221;.vc_custom_1607707899730{margin-bottom: 40px !important;padding-top: 48px !important;padding-right: 48px !important;padding-bottom: 48px !important;padding-left: 48px !important;background: #ffffff url(https:\/\/geosource.ao\/wp-content\/uploads\/2018\/12\/back1-1.png?id=13463) !important;background-position: 0 0 !important;background-repeat: no-repeat !important;}&#8221; el_class=&#8221;background-position-right-bottom&#8221;][vc_column_text animation_delay=&#8221;0&#8243;]\n<p style=\"text-align: justify;\"><span class=\"et-font-size\" data-fontsize=\"20px\" data-lineheight=\"32px\">A Geosource garante o respeito e a promo\u00e7\u00e3o dos direitos humanos, assumindo que s\u00e3o seguidas por todos, as regras de sa\u00fade, higiene e seguran\u00e7a no trabalho, por forma a prevenir a ocorr\u00eancia de riscos e danos \u00e0 sa\u00fade dos colaboradores. A nossa empresa assegura que \u00e9 garantida a igualdade de oportunidades independentemente do sexo, ra\u00e7a, classe social, nacionalidade, religi\u00e3o, orienta\u00e7\u00e3o sexual, idade ou incapacidade. Promove condi\u00e7\u00f5es de trabalho equitativas, sendo um empregador socialmente respons\u00e1vel e reconhece nos seus colaboradores o seu maior ativo, considerando-o como o grande diferenciador de sucesso. Promove ainda a integra\u00e7\u00e3o de todos, dando abertura para troca de opini\u00f5es, sugest\u00f5es e preocupa\u00e7\u00f5es que possam resultar no crescimento, desenvolvimento e amadurecimento da empresa ou parecerias, mantendo uma preocupa\u00e7\u00e3o constante com o respeito m\u00fatuo e liberdade individual dos seus colaboradores.\u00a0<\/span>\n[\/vc_column_text][\/vc_column][\/vc_row]\n","protected":false},"excerpt":{"rendered":"<p>[vc_row gap=&#8221;40&#8243; equal_height=&#8221;yes&#8221; content_placement=&#8221;middle&#8221; element_id=&#8221;31913&#8243; element_css=&#8221;.vc-row-331899 .animated-container {background-image:url(https:\/\/geosource.ao\/wp-content\/uploads\/2018\/12\/map_transparent_dark.png);}.vc-row-331899 .top-gradient {background:linear-gradient(to bottom, #1e73be 0%,rgba(255,255,255,0) 100%);}.vc-row-331899 .bottom-gradient {background:linear-gradient(to top, #1e73be 0%,rgba(255,255,255,0) 100%);}&#8221; css=&#8221;.vc_custom_1607687511598{padding-top: 56px !important;padding-bottom: 1px !important;}&#8221; el_id=&#8221;one-page-about-us&#8221;][vc_column animation_delay=&#8221;0&#8243; css_animation=&#8221;bottom-to-top&#8221; element_id=&#8221;843083&#8243; crp=&#8221;480:i:i,480-768:i:i,768-1024:i:i,1024-1280:15:15,1280-1366:i:i,1366-1600:i:i,1600-1920:i:i&#8221; offset=&#8221;vc_col-lg-6 vc_col-md-12 vc_col-xs-12&#8243;][\/vc_column][vc_column animation_delay=&#8221;150&#8243; css_animation=&#8221;top-to-bottom&#8221; element_id=&#8221;504275&#8243; crp=&#8221;480:i:i,480-768:i:i,768-1024:i:i,1024-1280:15:15,1280-1366:i:i,1366-1600:i:i,1600-1920:i:i&#8221; offset=&#8221;vc_col-lg-6 vc_col-md-12 vc_col-xs-12&#8243;][vc_column_text animation_delay=&#8221;0&#8243;] [\/vc_column_text][\/vc_column][\/vc_row][vc_row gap=&#8221;40&#8243; equal_height=&#8221;yes&#8221; content_placement=&#8221;middle&#8221; element_id=&#8221;263998&#8243; element_css=&#8221;.vc-row-331899 .animated-container {background-image:url(https:\/\/geosource.ao\/wp-content\/uploads\/2018\/12\/map_transparent_dark.png);}.vc-row-331899 .top-gradient {background:linear-gradient(to bottom, #1e73be 0%,rgba(255,255,255,0) 100%);}.vc-row-331899 [&hellip;]<\/p>\n","protected":false},"author":2,"featured_media":0,"parent":0,"menu_order":0,"comment_status":"closed","ping_status":"closed","template":"page-vc.php","meta":[],"_links":{"self":[{"href":"https:\/\/geosource.ao\/pt-pt\/wp-json\/wp\/v2\/pages\/17954"}],"collection":[{"href":"https:\/\/geosource.ao\/pt-pt\/wp-json\/wp\/v2\/pages"}],"about":[{"href":"https:\/\/geosource.ao\/pt-pt\/wp-json\/wp\/v2\/types\/page"}],"author":[{"embeddable":true,"href":"https:\/\/geosource.ao\/pt-pt\/wp-json\/wp\/v2\/users\/2"}],"replies":[{"embeddable":true,"href":"https:\/\/geosource.ao\/pt-pt\/wp-json\/wp\/v2\/comments?post=17954"}],"version-history":[{"count":14,"href":"https:\/\/geosource.ao\/pt-pt\/wp-json\/wp\/v2\/pages\/17954\/revisions"}],"predecessor-version":[{"id":18137,"href":"https:\/\/geosource.ao\/pt-pt\/wp-json\/wp\/v2\/pages\/17954\/revisions\/18137"}],"wp:attachment":[{"href":"https:\/\/geosource.ao\/pt-pt\/wp-json\/wp\/v2\/media?parent=17954"}],"curies":[{"name":"wp","href":"https:\/\/api.w.org\/{rel}","templated":true}]}}